{"id":14,"date":"2024-04-16T10:26:27","date_gmt":"2024-04-16T10:26:27","guid":{"rendered":"http:\/\/hassotoene.de\/?page_id=14"},"modified":"2024-07-31T13:57:05","modified_gmt":"2024-07-31T13:57:05","slug":"rapid-comfort","status":"publish","type":"page","link":"https:\/\/slide-o-mix.com\/?page_id=14","title":{"rendered":"Rapid Comfort"},"content":{"rendered":"\n<div class=\"wp-block-media-text alignwide is-stacked-on-mobile\" style=\"grid-template-columns:19% auto\"><figure class=\"wp-block-media-text__media\"><img loading=\"lazy\" decoding=\"async\" width=\"1024\" height=\"996\" src=\"http:\/\/hassotoene.de\/wp-content\/uploads\/2024\/05\/Bildschirmfoto-2024-05-19-um-21.13.03-1-1024x996.png\" alt=\"\" class=\"wp-image-272 size-full\" srcset=\"https:\/\/slide-o-mix.com\/wp-content\/uploads\/2024\/05\/Bildschirmfoto-2024-05-19-um-21.13.03-1-1024x996.png 1024w, https:\/\/slide-o-mix.com\/wp-content\/uploads\/2024\/05\/Bildschirmfoto-2024-05-19-um-21.13.03-1-300x292.png 300w, https:\/\/slide-o-mix.com\/wp-content\/uploads\/2024\/05\/Bildschirmfoto-2024-05-19-um-21.13.03-1-768x747.png 768w, https:\/\/slide-o-mix.com\/wp-content\/uploads\/2024\/05\/Bildschirmfoto-2024-05-19-um-21.13.03-1.png 1036w\" sizes=\"auto, (max-width: 1024px) 100vw, 1024px\" \/><\/figure><div class=\"wp-block-media-text__content\">\n<h2 class=\"wp-block-heading has-text-align-left has-contrast-color has-text-color has-link-color wp-elements-b97a8afe1262bc78b9acb06a723e487a\">Das Posaunenzug Gleitmittel<\/h2>\n\n\n\n<h2 class=\"wp-block-heading has-text-align-left\"><strong>Rapid Comfort<\/strong><\/h2>\n<\/div><\/div>\n\n\n\n<p class=\"has-contrast-color has-text-color has-link-color wp-elements-626596d867a39baabcac3eecf6fed1d9\">Die&nbsp;<strong><mark style=\"background-color:rgba(0, 0, 0, 0);color:#c60302\" class=\"has-inline-color\">bequeme<\/mark> <mark style=\"background-color:rgba(0, 0, 0, 0);color:#c60302\" class=\"has-inline-color\">Variante<\/mark><\/strong>&nbsp;mit dem bew\u00e4hrten Slide-O-Mix Gleitfilm<br>Die schnelle und zuverl\u00e4ssige L\u00f6sung aus einer Flasche:<br>&#8230; auftragen, verteilen, fertig!<\/p>\n\n\n\n<p class=\"has-contrast-color has-text-color has-link-color wp-elements-ce907902b0c97a611627c9a971c93c6d\"><em><mark style=\"background-color:rgba(0, 0, 0, 0);color:#c60302\" class=\"has-inline-color\">&#8230;<\/mark><\/em><mark style=\"background-color:rgba(0, 0, 0, 0);color:#c60302\" class=\"has-inline-color\"><em>f\u00fcr alle<\/em>,<\/mark><br>die ein <strong><mark style=\"background-color:rgba(0, 0, 0, 0);color:#c60302\" class=\"has-inline-color\">Zuggleiten ohne Kleben und Stocken<\/mark><\/strong> suchen.<\/p>\n\n\n\n<p class=\"has-contrast-color has-text-color has-link-color wp-elements-582a224b9f9c41a10bad0e70c249efb0\"><em><em><mark style=\"background-color:rgba(0, 0, 0, 0);color:#c60302\" class=\"has-inline-color\">&#8230;<\/mark><\/em><mark style=\"background-color:rgba(0, 0, 0, 0);color:#c60302\" class=\"has-inline-color\"><em>f\u00fcr alle<\/em>,<\/mark><\/em><br>die auf den Slide-O-Mix Gleitfilm nicht verzichten wollen, aber auf eine <mark style=\"background-color:rgba(0, 0, 0, 0);color:#c60302\" class=\"has-inline-color\"><strong>schnellere Anwendung<\/strong><\/mark><mark style=\"background-color:rgba(0, 0, 0, 0);color:#000000\" class=\"has-inline-color\"> <\/mark>Wert legen<br><em><br><mark style=\"background-color:rgba(0, 0, 0, 0);color:#c60302\" class=\"has-inline-color\">&#8230;<\/mark><\/em><mark style=\"background-color:rgba(0, 0, 0, 0);color:#c60302\" class=\"has-inline-color\"><em>f\u00fcr alle<\/em>,<\/mark>die auf das Slide-O-Mix Set mit seiner einzigartigen M\u00f6glichkeit zur <mark style=\"background-color:rgba(0, 0, 0, 0);color:#c60302\" class=\"has-inline-color\"><strong>fein abgestimmten Zugpr\u00e4parierung<\/strong><\/mark> nicht verzichten wollen.<\/p>\n\n\n\n<p class=\"has-contrast-color has-text-color has-link-color wp-elements-6cf2e77775db246ae20959ffabcb7fe9\">\u00dcbrigens: Das Slide-O-Mix Classic Set und Rapid Comfort &#8222;vertragen&#8220; sich auf dem Zug, so dass eine schnelle Nachdosierung mit Rapid Comfort auch m\u00f6glich ist, wenn der Zug vorher mit dem Classic Set pr\u00e4pariert wurde. <br><br>Die Zugabe von Wasser per Wassersprayer kann in \u201atrockenen\u2019 Situationen hilfreich sein.<\/p>\n\n\n\n<div style=\"height:101px\" aria-hidden=\"true\" class=\"wp-block-spacer\"><\/div>\n","protected":false},"excerpt":{"rendered":"<p>Das Posaunenzug Gleitmittel Rapid Comfort Die&nbsp;bequeme Variante&nbsp;mit dem bew\u00e4hrten Slide-O-Mix GleitfilmDie schnelle und zuverl\u00e4ssige L\u00f6sung aus einer Flasche:&#8230; auftragen, verteilen, fertig! &#8230;f\u00fcr alle,die ein Zuggleiten ohne Kleben und Stocken suchen. &#8230;f\u00fcr alle,die auf den Slide-O-Mix Gleitfilm nicht verzichten wollen, aber auf eine schnellere Anwendung Wert legen&#8230;f\u00fcr alle,die auf das Slide-O-Mix Set mit seiner einzigartigen M\u00f6glichkeit [&hellip;]<\/p>\n","protected":false},"author":1,"featured_media":0,"parent":26,"menu_order":0,"comment_status":"closed","ping_status":"closed","template":"","meta":{"footnotes":""},"class_list":["post-14","page","type-page","status-publish","hentry"],"_links":{"self":[{"href":"https:\/\/slide-o-mix.com\/index.php?rest_route=\/wp\/v2\/pages\/14","targetHints":{"allow":["GET"]}}],"collection":[{"href":"https:\/\/slide-o-mix.com\/index.php?rest_route=\/wp\/v2\/pages"}],"about":[{"href":"https:\/\/slide-o-mix.com\/index.php?rest_route=\/wp\/v2\/types\/page"}],"author":[{"embeddable":true,"href":"https:\/\/slide-o-mix.com\/index.php?rest_route=\/wp\/v2\/users\/1"}],"replies":[{"embeddable":true,"href":"https:\/\/slide-o-mix.com\/index.php?rest_route=%2Fwp%2Fv2%2Fcomments&post=14"}],"version-history":[{"count":4,"href":"https:\/\/slide-o-mix.com\/index.php?rest_route=\/wp\/v2\/pages\/14\/revisions"}],"predecessor-version":[{"id":666,"href":"https:\/\/slide-o-mix.com\/index.php?rest_route=\/wp\/v2\/pages\/14\/revisions\/666"}],"up":[{"embeddable":true,"href":"https:\/\/slide-o-mix.com\/index.php?rest_route=\/wp\/v2\/pages\/26"}],"wp:attachment":[{"href":"https:\/\/slide-o-mix.com\/index.php?rest_route=%2Fwp%2Fv2%2Fmedia&parent=14"}],"curies":[{"name":"wp","href":"https:\/\/api.w.org\/{rel}","templated":true}]}}