{"id":16,"date":"2024-04-16T10:26:45","date_gmt":"2024-04-16T10:26:45","guid":{"rendered":"http:\/\/hassotoene.de\/?page_id=16"},"modified":"2024-07-04T19:10:03","modified_gmt":"2024-07-04T19:10:03","slug":"die-wassersprayer","status":"publish","type":"page","link":"https:\/\/slide-o-mix.com\/?page_id=16","title":{"rendered":"Die Wassersprayer"},"content":{"rendered":"\n<div class=\"wp-block-media-text alignwide is-stacked-on-mobile\" style=\"grid-template-columns:19% auto\"><figure class=\"wp-block-media-text__media\"><img loading=\"lazy\" decoding=\"async\" width=\"320\" height=\"422\" src=\"http:\/\/hassotoene.de\/wp-content\/uploads\/2024\/07\/Bildschirmfoto-2024-07-04-um-21.05.15.png\" alt=\"\" class=\"wp-image-488 size-full\" srcset=\"https:\/\/slide-o-mix.com\/wp-content\/uploads\/2024\/07\/Bildschirmfoto-2024-07-04-um-21.05.15.png 320w, https:\/\/slide-o-mix.com\/wp-content\/uploads\/2024\/07\/Bildschirmfoto-2024-07-04-um-21.05.15-227x300.png 227w\" sizes=\"auto, (max-width: 320px) 100vw, 320px\" \/><\/figure><div class=\"wp-block-media-text__content\">\n<h2 class=\"wp-block-heading has-text-align-left has-contrast-color has-text-color has-link-color wp-elements-60154b83d9d23232c08010c14c6db61f\">Die Slide-O-Mix<\/h2>\n\n\n\n<h2 class=\"wp-block-heading has-text-align-left\"><strong>Wassersprayer<\/strong><\/h2>\n<\/div><\/div>\n\n\n\n<p class=\"has-contrast-color has-text-color has-link-color wp-elements-75e8c7a6b0ecf6d83a3c454962f4f62b\">Die Landschaft der <mark style=\"background-color:rgba(0, 0, 0, 0);color:#c60302\" class=\"has-inline-color\"><strong>Sprayflaschen<\/strong><\/mark> haben wir als etwas trist empfunden und haben daher mit der nun von uns angebotenen Auswahl individuelle M\u00f6glichkeiten er\u00f6ffnet. Die <mark style=\"background-color:rgba(0, 0, 0, 0);color:#c60302\" class=\"has-inline-color\"><strong>drei Mitglieder<\/strong><\/mark> unserer Sprayflaschenfamilie (<strong><mark style=\"background-color:rgba(0, 0, 0, 0);color:#c60302\" class=\"has-inline-color\">10ml, 30ml und 50ml Gr\u00f6\u00dfe<\/mark><\/strong>) zeichnen sich durch einen \u00e4u\u00dferst feinen Spr\u00fchnebel aus. Als echter Renner hat sich dabei die Kleinste der Familie erwiesen, die mit mehr als 100 Spr\u00fchnebeln pro F\u00fcllung eine lebhaft begr\u00fc\u00dfte Pocketversion f\u00fcr jedes Gigbag, kleinere Posaunenkoffer und f\u00fcr jede Hosentasche ist. Wie die Praxis gezeigt hat, ist diese kleinste Version ebenfalls eine vollwertige Sprayflasche und erfreut sich einer \u00fcberdurchschnittlich lebhaften Nachfrage.<\/p>\n\n\n\n<div style=\"height:100px\" aria-hidden=\"true\" class=\"wp-block-spacer\"><\/div>\n","protected":false},"excerpt":{"rendered":"<p>Die Slide-O-Mix Wassersprayer Die Landschaft der Sprayflaschen haben wir als etwas trist empfunden und haben daher mit der nun von uns angebotenen Auswahl individuelle M\u00f6glichkeiten er\u00f6ffnet. Die drei Mitglieder unserer Sprayflaschenfamilie (10ml, 30ml und 50ml Gr\u00f6\u00dfe) zeichnen sich durch einen \u00e4u\u00dferst feinen Spr\u00fchnebel aus. Als echter Renner hat sich dabei die Kleinste der Familie erwiesen, [&hellip;]<\/p>\n","protected":false},"author":1,"featured_media":0,"parent":26,"menu_order":0,"comment_status":"closed","ping_status":"closed","template":"","meta":{"footnotes":""},"class_list":["post-16","page","type-page","status-publish","hentry"],"_links":{"self":[{"href":"https:\/\/slide-o-mix.com\/index.php?rest_route=\/wp\/v2\/pages\/16","targetHints":{"allow":["GET"]}}],"collection":[{"href":"https:\/\/slide-o-mix.com\/index.php?rest_route=\/wp\/v2\/pages"}],"about":[{"href":"https:\/\/slide-o-mix.com\/index.php?rest_route=\/wp\/v2\/types\/page"}],"author":[{"embeddable":true,"href":"https:\/\/slide-o-mix.com\/index.php?rest_route=\/wp\/v2\/users\/1"}],"replies":[{"embeddable":true,"href":"https:\/\/slide-o-mix.com\/index.php?rest_route=%2Fwp%2Fv2%2Fcomments&post=16"}],"version-history":[{"count":6,"href":"https:\/\/slide-o-mix.com\/index.php?rest_route=\/wp\/v2\/pages\/16\/revisions"}],"predecessor-version":[{"id":489,"href":"https:\/\/slide-o-mix.com\/index.php?rest_route=\/wp\/v2\/pages\/16\/revisions\/489"}],"up":[{"embeddable":true,"href":"https:\/\/slide-o-mix.com\/index.php?rest_route=\/wp\/v2\/pages\/26"}],"wp:attachment":[{"href":"https:\/\/slide-o-mix.com\/index.php?rest_route=%2Fwp%2Fv2%2Fmedia&parent=16"}],"curies":[{"name":"wp","href":"https:\/\/api.w.org\/{rel}","templated":true}]}}