{"id":22,"date":"2024-04-16T10:27:48","date_gmt":"2024-04-16T10:27:48","guid":{"rendered":"http:\/\/hassotoene.de\/?page_id=22"},"modified":"2024-07-12T08:03:02","modified_gmt":"2024-07-12T08:03:02","slug":"das-zugfett","status":"publish","type":"page","link":"https:\/\/slide-o-mix.com\/?page_id=22","title":{"rendered":"Das Zugfett"},"content":{"rendered":"\n<div class=\"wp-block-group alignwide has-global-padding is-layout-constrained wp-block-group-is-layout-constrained\">\n<div class=\"wp-block-media-text alignwide is-stacked-on-mobile\" style=\"grid-template-columns:19% auto\"><figure class=\"wp-block-media-text__media\"><img loading=\"lazy\" decoding=\"async\" width=\"1024\" height=\"996\" src=\"http:\/\/hassotoene.de\/wp-content\/uploads\/2024\/05\/Bildschirmfoto-2024-05-19-um-21.37.15-1024x996.png\" alt=\"\" class=\"wp-image-279 size-full\" srcset=\"https:\/\/slide-o-mix.com\/wp-content\/uploads\/2024\/05\/Bildschirmfoto-2024-05-19-um-21.37.15-1024x996.png 1024w, https:\/\/slide-o-mix.com\/wp-content\/uploads\/2024\/05\/Bildschirmfoto-2024-05-19-um-21.37.15-300x292.png 300w, https:\/\/slide-o-mix.com\/wp-content\/uploads\/2024\/05\/Bildschirmfoto-2024-05-19-um-21.37.15-768x747.png 768w, https:\/\/slide-o-mix.com\/wp-content\/uploads\/2024\/05\/Bildschirmfoto-2024-05-19-um-21.37.15.png 1036w\" sizes=\"auto, (max-width: 1024px) 100vw, 1024px\" \/><\/figure><div class=\"wp-block-media-text__content\">\n<h2 class=\"wp-block-heading has-text-align-left has-contrast-color has-text-color has-link-color wp-elements-743c5ca54d478a0d6703769459a77cee\">Das neue Slide-O-Mix<\/h2>\n\n\n\n<h2 class=\"wp-block-heading has-text-align-left\"><strong>Stimmzugfett<\/strong><\/h2>\n<\/div><\/div>\n\n\n\n<div class=\"wp-block-group has-global-padding is-layout-constrained wp-block-group-is-layout-constrained\">\n<p><mark style=\"background-color:rgba(0, 0, 0, 0)\" class=\"has-inline-color has-contrast-color\">Wir freuen uns, Ihnen die Erweiterung unserer Slide-O-Mix Produktpalette pr\u00e4sentieren zu k\u00f6nnen: \u2028<\/mark><strong>Das Slide-O-Mix Stimmzugfett<\/strong><\/p>\n\n\n\n<p><mark style=\"background-color:rgba(0, 0, 0, 0)\" class=\"has-inline-color has-contrast-color\">Unser synthetisches Stimmzugfett sorgt dank seiner hochwertigen Formel f\u00fcr eine reibungslose Bewegungsf\u00e4higkeit des Stimmzugs. Durch die besonders abgestimmte Viskosit\u00e4t unseres Zugfettes wird ein dauerhaftes Festsetzen des Stimmzugs verhindert, gleichzeitig wird aber die gew\u00e4hlte Positionierung des Stimmzuges auch bei Temperaturschwankungen sichergestellt.<\/mark><\/p>\n\n\n\n<p><mark style=\"background-color:rgba(0, 0, 0, 0)\" class=\"has-inline-color has-contrast-color\">Diese Eigenschaften werden durch die einfache Anwendung erg\u00e4nzt und machen das Zugfett damit zum idealen Produkt f\u00fcr alle Blechbl\u00e4ser, die nach einer zuverl\u00e4ssigen L\u00f6sung f\u00fcr ihren Stimmzug suchen.<\/mark><br><br><br><\/p>\n<\/div>\n<\/div>\n","protected":false},"excerpt":{"rendered":"<p>Das neue Slide-O-Mix Stimmzugfett Wir freuen uns, Ihnen die Erweiterung unserer Slide-O-Mix Produktpalette pr\u00e4sentieren zu k\u00f6nnen: \u2028Das Slide-O-Mix Stimmzugfett Unser synthetisches Stimmzugfett sorgt dank seiner hochwertigen Formel f\u00fcr eine reibungslose Bewegungsf\u00e4higkeit des Stimmzugs. Durch die besonders abgestimmte Viskosit\u00e4t unseres Zugfettes wird ein dauerhaftes Festsetzen des Stimmzugs verhindert, gleichzeitig wird aber die gew\u00e4hlte Positionierung des Stimmzuges [&hellip;]<\/p>\n","protected":false},"author":1,"featured_media":0,"parent":26,"menu_order":0,"comment_status":"closed","ping_status":"closed","template":"","meta":{"footnotes":""},"class_list":["post-22","page","type-page","status-publish","hentry"],"_links":{"self":[{"href":"https:\/\/slide-o-mix.com\/index.php?rest_route=\/wp\/v2\/pages\/22","targetHints":{"allow":["GET"]}}],"collection":[{"href":"https:\/\/slide-o-mix.com\/index.php?rest_route=\/wp\/v2\/pages"}],"about":[{"href":"https:\/\/slide-o-mix.com\/index.php?rest_route=\/wp\/v2\/types\/page"}],"author":[{"embeddable":true,"href":"https:\/\/slide-o-mix.com\/index.php?rest_route=\/wp\/v2\/users\/1"}],"replies":[{"embeddable":true,"href":"https:\/\/slide-o-mix.com\/index.php?rest_route=%2Fwp%2Fv2%2Fcomments&post=22"}],"version-history":[{"count":8,"href":"https:\/\/slide-o-mix.com\/index.php?rest_route=\/wp\/v2\/pages\/22\/revisions"}],"predecessor-version":[{"id":590,"href":"https:\/\/slide-o-mix.com\/index.php?rest_route=\/wp\/v2\/pages\/22\/revisions\/590"}],"up":[{"embeddable":true,"href":"https:\/\/slide-o-mix.com\/index.php?rest_route=\/wp\/v2\/pages\/26"}],"wp:attachment":[{"href":"https:\/\/slide-o-mix.com\/index.php?rest_route=%2Fwp%2Fv2%2Fmedia&parent=22"}],"curies":[{"name":"wp","href":"https:\/\/api.w.org\/{rel}","templated":true}]}}