{"id":26,"date":"2024-04-16T10:29:05","date_gmt":"2024-04-16T10:29:05","guid":{"rendered":"http:\/\/hassotoene.de\/?page_id=26"},"modified":"2025-01-27T14:25:24","modified_gmt":"2025-01-27T14:25:24","slug":"unsere-produkte","status":"publish","type":"page","link":"https:\/\/slide-o-mix.com\/","title":{"rendered":"Unsere Produkte"},"content":{"rendered":"\n<div class=\"wp-block-group alignfull has-global-padding is-layout-constrained wp-block-group-is-layout-constrained\"><div class=\"wp-block-template-part\">\n<div style=\"height:17px\" aria-hidden=\"true\" class=\"wp-block-spacer\"><\/div>\n<\/div>\n\n\n<p class=\"has-text-align-center\" style=\"font-size:clamp(2.111rem, 2.111rem + ((1vw - 0.2rem) * 2.815), 3.8rem);\"><strong>Unsere Produkte<\/strong><\/p>\n\n\n\n<div class=\"wp-block-group alignfull has-global-padding is-layout-constrained wp-container-core-group-is-layout-1 wp-block-group-is-layout-constrained\" style=\"margin-top:0;margin-bottom:0;padding-top:var(--wp--preset--spacing--30);padding-right:var(--wp--preset--spacing--50);padding-bottom:var(--wp--preset--spacing--30);padding-left:var(--wp--preset--spacing--50)\">\n<div class=\"wp-block-columns alignwide is-layout-flex wp-container-core-columns-is-layout-1 wp-block-columns-is-layout-flex\" style=\"margin-top:0;margin-bottom:0\">\n<div class=\"wp-block-column is-layout-flow wp-container-core-column-is-layout-1 wp-block-column-is-layout-flow\">\n<figure class=\"wp-block-image aligncenter size-full is-resized has-custom-border is-style-rounded is-style-rounded--1\"><a href=\"https:\/\/slide-o-mix.com\/?page_id=12\"><img loading=\"lazy\" decoding=\"async\" width=\"1036\" height=\"1008\" src=\"http:\/\/hassotoene.de\/wp-content\/uploads\/2024\/05\/Bildschirmfoto-2024-05-19-um-21.16.31-1.png\" alt=\"\" class=\"wp-image-270\" style=\"border-width:1px;border-radius:16px;aspect-ratio:1;object-fit:cover;width:253px;height:auto\" srcset=\"https:\/\/slide-o-mix.com\/wp-content\/uploads\/2024\/05\/Bildschirmfoto-2024-05-19-um-21.16.31-1.png 1036w, https:\/\/slide-o-mix.com\/wp-content\/uploads\/2024\/05\/Bildschirmfoto-2024-05-19-um-21.16.31-1-300x292.png 300w, https:\/\/slide-o-mix.com\/wp-content\/uploads\/2024\/05\/Bildschirmfoto-2024-05-19-um-21.16.31-1-1024x996.png 1024w, https:\/\/slide-o-mix.com\/wp-content\/uploads\/2024\/05\/Bildschirmfoto-2024-05-19-um-21.16.31-1-768x747.png 768w\" sizes=\"auto, (max-width: 1036px) 100vw, 1036px\" \/><\/a><figcaption class=\"wp-element-caption\"><mark style=\"background-color:rgba(0, 0, 0, 0)\" class=\"has-inline-color has-contrast-color\"><strong>Das Slide-O-Mix <\/strong><\/mark><br><mark style=\"background-color:rgba(0, 0, 0, 0)\" class=\"has-inline-color has-contrast-color\"><strong>Posaunenzug Gleitmittel <\/strong><\/mark><em><mark style=\"background-color:rgba(0, 0, 0, 0)\" class=\"has-inline-color has-contrast-color\"><br><\/mark><\/em><strong><a href=\"https:\/\/slide-o-mix.com\/?page_id=12\" data-type=\"page\" data-id=\"12\">Classic Set<\/a><\/strong><a href=\"http:\/\/hassotoene.de\/?page_id=12\" data-type=\"page\" data-id=\"12\"><br><\/a><br><mark style=\"background-color:rgba(0, 0, 0, 0)\" class=\"has-inline-color has-contrast-color\">Ein 2-Komponenten-System f\u00fcr eine phantastische Leichtg\u00e4nigkeit des Zuges. <\/mark><br><br><br><\/figcaption><\/figure>\n\n\n\n<div style=\"height:93px\" aria-hidden=\"true\" class=\"wp-block-spacer\"><\/div>\n\n\n\n<figure class=\"wp-block-image aligncenter size-full is-resized has-custom-border is-style-rounded is-style-rounded--2\"><a href=\"https:\/\/slide-o-mix.com\/?page_id=20\"><img loading=\"lazy\" decoding=\"async\" width=\"1036\" height=\"1008\" src=\"http:\/\/hassotoene.de\/wp-content\/uploads\/2024\/05\/Bildschirmfoto-2024-05-19-um-21.42.44.png\" alt=\"\" class=\"wp-image-283\" style=\"border-width:1px;border-radius:16px;aspect-ratio:1;object-fit:contain;width:253px\" srcset=\"https:\/\/slide-o-mix.com\/wp-content\/uploads\/2024\/05\/Bildschirmfoto-2024-05-19-um-21.42.44.png 1036w, https:\/\/slide-o-mix.com\/wp-content\/uploads\/2024\/05\/Bildschirmfoto-2024-05-19-um-21.42.44-300x292.png 300w, https:\/\/slide-o-mix.com\/wp-content\/uploads\/2024\/05\/Bildschirmfoto-2024-05-19-um-21.42.44-1024x996.png 1024w, https:\/\/slide-o-mix.com\/wp-content\/uploads\/2024\/05\/Bildschirmfoto-2024-05-19-um-21.42.44-768x747.png 768w\" sizes=\"auto, (max-width: 1036px) 100vw, 1036px\" \/><\/a><figcaption class=\"wp-element-caption\"><mark style=\"background-color:rgba(0, 0, 0, 0)\" class=\"has-inline-color has-contrast-color\"><strong>Die Slide-O-Mix <\/strong><\/mark><br><strong><a href=\"https:\/\/slide-o-mix.com\/?page_id=20\" data-type=\"page\" data-id=\"20\">Mundst\u00fcckb\u00fcrsten<\/a><\/strong><mark style=\"background-color:rgba(0, 0, 0, 0)\" class=\"has-inline-color has-contrast-color\"><a href=\"https:\/\/slide-o-mix.com\/?page_id=20\" data-type=\"page\" data-id=\"20\"><strong> <\/strong><\/a><\/mark><em><a href=\"http:\/\/hassotoene.de\/?page_id=20\" data-type=\"page\" data-id=\"20\"><mark style=\"background-color:rgba(0, 0, 0, 0)\" class=\"has-inline-color has-contrast-color\"><br><\/mark><\/a><\/em><br><mark style=\"background-color:rgba(0, 0, 0, 0)\" class=\"has-inline-color has-contrast-color\"><br>Diese konisch geformte B\u00fcrste ist f\u00fcr die Reinigung vieler Arten von Kesselmundst\u00fccken geeignet.<\/mark><br><\/figcaption><\/figure>\n\n\n\n<div style=\"height:111px\" aria-hidden=\"true\" class=\"wp-block-spacer\"><\/div>\n\n\n\n<figure class=\"wp-block-image aligncenter size-full is-resized has-custom-border is-style-rounded is-style-rounded--3\"><a href=\"https:\/\/slide-o-mix.com\/?page_id=396\"><img loading=\"lazy\" decoding=\"async\" width=\"1036\" height=\"1008\" src=\"http:\/\/hassotoene.de\/wp-content\/uploads\/2024\/05\/Bildschirmfoto-2024-05-19-um-21.30.10.png\" alt=\"\" class=\"wp-image-274\" style=\"border-width:1px;border-radius:16px;aspect-ratio:1.3333333333333333;object-fit:contain;width:264px;height:auto\" srcset=\"https:\/\/slide-o-mix.com\/wp-content\/uploads\/2024\/05\/Bildschirmfoto-2024-05-19-um-21.30.10.png 1036w, https:\/\/slide-o-mix.com\/wp-content\/uploads\/2024\/05\/Bildschirmfoto-2024-05-19-um-21.30.10-300x292.png 300w, https:\/\/slide-o-mix.com\/wp-content\/uploads\/2024\/05\/Bildschirmfoto-2024-05-19-um-21.30.10-1024x996.png 1024w, https:\/\/slide-o-mix.com\/wp-content\/uploads\/2024\/05\/Bildschirmfoto-2024-05-19-um-21.30.10-768x747.png 768w\" sizes=\"auto, (max-width: 1036px) 100vw, 1036px\" \/><\/a><figcaption class=\"wp-element-caption\"><mark style=\"background-color:rgba(0, 0, 0, 0)\" class=\"has-inline-color has-contrast-color\"><strong>Die Slide-O-Mix <\/strong><\/mark><br><strong><a href=\"https:\/\/slide-o-mix.com\/?page_id=396\" data-type=\"page\" data-id=\"396\">roten Wischer<\/a><\/strong><mark style=\"background-color:rgba(0, 0, 0, 0)\" class=\"has-inline-color has-contrast-color\"><a href=\"https:\/\/slide-o-mix.com\/?page_id=396\" data-type=\"page\" data-id=\"396\"><strong> <\/strong><\/a><\/mark><em><a href=\"https:\/\/slide-o-mix.com\/?page_id=396\" data-type=\"page\" data-id=\"396\"><mark style=\"background-color:rgba(0, 0, 0, 0)\" class=\"has-inline-color has-contrast-color\"><br><\/mark><\/a><\/em><br><mark style=\"background-color:rgba(0, 0, 0, 0)\" class=\"has-inline-color has-contrast-color\"><br>Die waschbaren Frottierwischer erm\u00f6glichen die oft notwendige Reinigung \u201ezwischendurch\u201c.<\/mark> <mark style=\"background-color:rgba(0, 0, 0, 0)\" class=\"has-inline-color has-contrast-color\">Der<\/mark><strong><mark style=\"background-color:rgba(0, 0, 0, 0)\" class=\"has-inline-color has-contrast-color\"> <\/mark>rote Wische<\/strong>r <mark style=\"background-color:rgba(0, 0, 0, 0)\" class=\"has-inline-color has-contrast-color\">ist dabei f\u00fcr <\/mark><strong>enge bis mittlere Bohrungen.<\/strong><br><\/figcaption><\/figure>\n\n\n\n<div style=\"height:var(--wp--preset--spacing--50)\" aria-hidden=\"true\" class=\"wp-block-spacer\"><\/div>\n<\/div>\n\n\n\n<div class=\"wp-block-column is-layout-flow wp-container-core-column-is-layout-2 wp-block-column-is-layout-flow\">\n<figure class=\"wp-block-image aligncenter size-full is-resized has-custom-border is-style-rounded is-style-rounded--4\"><a href=\"https:\/\/slide-o-mix.com\/?page_id=14\"><img loading=\"lazy\" decoding=\"async\" width=\"1036\" height=\"1008\" src=\"http:\/\/hassotoene.de\/wp-content\/uploads\/2024\/05\/Bildschirmfoto-2024-05-19-um-21.13.03-1.png\" alt=\"\" class=\"wp-image-272\" style=\"border-width:1px;border-radius:16px;aspect-ratio:1;object-fit:contain;width:253px\" srcset=\"https:\/\/slide-o-mix.com\/wp-content\/uploads\/2024\/05\/Bildschirmfoto-2024-05-19-um-21.13.03-1.png 1036w, https:\/\/slide-o-mix.com\/wp-content\/uploads\/2024\/05\/Bildschirmfoto-2024-05-19-um-21.13.03-1-300x292.png 300w, https:\/\/slide-o-mix.com\/wp-content\/uploads\/2024\/05\/Bildschirmfoto-2024-05-19-um-21.13.03-1-1024x996.png 1024w, https:\/\/slide-o-mix.com\/wp-content\/uploads\/2024\/05\/Bildschirmfoto-2024-05-19-um-21.13.03-1-768x747.png 768w\" sizes=\"auto, (max-width: 1036px) 100vw, 1036px\" \/><\/a><figcaption class=\"wp-element-caption\"><mark style=\"background-color:rgba(0, 0, 0, 0)\" class=\"has-inline-color has-contrast-color\"><strong>Das Slide-O-Mix <\/strong><\/mark><br><mark style=\"background-color:rgba(0, 0, 0, 0)\" class=\"has-inline-color has-contrast-color\"><strong>Posaunenzug Gleitmittel <\/strong><\/mark><em><mark style=\"background-color:rgba(0, 0, 0, 0)\" class=\"has-inline-color has-contrast-color\"><br><\/mark><strong><a href=\"https:\/\/slide-o-mix.com\/?page_id=14\" data-type=\"page\" data-id=\"14\">Rapid Comfort<\/a><\/strong><a href=\"http:\/\/hassotoene.de\/?page_id=14\" data-type=\"page\" data-id=\"14\"><br><\/a><\/em><strong><br><\/strong><mark style=\"background-color:rgba(0, 0, 0, 0)\" class=\"has-inline-color has-contrast-color\">Die bequeme Variante mit dem bew\u00e4hrten Slide-O-Mix Gleitfilm<br>Die schnelle und zuverl\u00e4ssige L\u00f6sung aus einer Flasche:<br>\u2026 auftragen, verteilen, fertig!<\/mark><br><mark style=\"background-color:rgba(0, 0, 0, 0)\" class=\"has-inline-color has-contrast-color\"> <\/mark><\/figcaption><\/figure>\n\n\n\n<div style=\"height:75px\" aria-hidden=\"true\" class=\"wp-block-spacer\"><\/div>\n\n\n\n<figure class=\"wp-block-image aligncenter size-full is-resized has-custom-border is-style-rounded is-style-rounded--5\"><a href=\"https:\/\/slide-o-mix.com\/?page_id=16\"><img loading=\"lazy\" decoding=\"async\" width=\"320\" height=\"422\" src=\"http:\/\/hassotoene.de\/wp-content\/uploads\/2024\/07\/Bildschirmfoto-2024-07-04-um-21.05.15.png\" alt=\"\" class=\"wp-image-488\" style=\"border-width:1px;border-radius:16px;aspect-ratio:1;object-fit:contain;width:253px\" srcset=\"https:\/\/slide-o-mix.com\/wp-content\/uploads\/2024\/07\/Bildschirmfoto-2024-07-04-um-21.05.15.png 320w, https:\/\/slide-o-mix.com\/wp-content\/uploads\/2024\/07\/Bildschirmfoto-2024-07-04-um-21.05.15-227x300.png 227w\" sizes=\"auto, (max-width: 320px) 100vw, 320px\" \/><\/a><figcaption class=\"wp-element-caption\"><mark style=\"background-color:rgba(0, 0, 0, 0)\" class=\"has-inline-color has-contrast-color\"><strong>Die Slide-O-Mix<\/strong><br><\/mark><strong><em><a href=\"https:\/\/slide-o-mix.com\/?page_id=16\" data-type=\"page\" data-id=\"16\">Wassersprayer<\/a><\/em><br><\/strong><br><br><mark style=\"background-color:rgba(0, 0, 0, 0)\" class=\"has-inline-color has-contrast-color\"> Mit der der 10ml, der 30ml oder der 50ml Variante unseres <\/mark><strong>Wassersprayers<\/strong><mark style=\"background-color:rgba(0, 0, 0, 0)\" class=\"has-inline-color has-contrast-color\"> ist f\u00fcr jeden Anlass eine passende Gr\u00f6\u00dfe dabei. <\/mark><\/figcaption><\/figure>\n\n\n\n<div style=\"height:var(--wp--preset--spacing--50)\" aria-hidden=\"true\" class=\"wp-block-spacer\"><\/div>\n<\/div>\n\n\n\n<div class=\"wp-block-column is-layout-flow wp-container-core-column-is-layout-3 wp-block-column-is-layout-flow\">\n<figure class=\"wp-block-image aligncenter size-full is-resized has-custom-border is-style-rounded is-style-rounded--6\"><a href=\"https:\/\/slide-o-mix.com\/?page_id=22\"><img loading=\"lazy\" decoding=\"async\" width=\"1036\" height=\"1008\" src=\"http:\/\/hassotoene.de\/wp-content\/uploads\/2024\/05\/Bildschirmfoto-2024-05-19-um-21.37.15.png\" alt=\"\" class=\"wp-image-279\" style=\"border-width:1px;border-radius:16px;aspect-ratio:1;object-fit:contain;width:253px\" srcset=\"https:\/\/slide-o-mix.com\/wp-content\/uploads\/2024\/05\/Bildschirmfoto-2024-05-19-um-21.37.15.png 1036w, https:\/\/slide-o-mix.com\/wp-content\/uploads\/2024\/05\/Bildschirmfoto-2024-05-19-um-21.37.15-300x292.png 300w, https:\/\/slide-o-mix.com\/wp-content\/uploads\/2024\/05\/Bildschirmfoto-2024-05-19-um-21.37.15-1024x996.png 1024w, https:\/\/slide-o-mix.com\/wp-content\/uploads\/2024\/05\/Bildschirmfoto-2024-05-19-um-21.37.15-768x747.png 768w\" sizes=\"auto, (max-width: 1036px) 100vw, 1036px\" \/><\/a><figcaption class=\"wp-element-caption\"><mark style=\"background-color:rgba(0, 0, 0, 0)\" class=\"has-inline-color has-contrast-color\"><strong>Das Slide-O-Mix<br><\/strong><\/mark><strong><em><a href=\"https:\/\/slide-o-mix.com\/?page_id=22\" data-type=\"page\" data-id=\"22\">Stimmzugfett<\/a><\/em><\/strong><a href=\"http:\/\/hassotoene.de\/?page_id=22\" data-type=\"page\" data-id=\"22\"><br><\/a><mark style=\"background-color:rgba(0, 0, 0, 0)\" class=\"has-inline-color has-contrast-color\"><strong>f\u00fcr Blechblasinstrumente<br><\/strong><\/mark><br><mark style=\"background-color:rgba(0, 0, 0, 0)\" class=\"has-inline-color has-contrast-color\">Unser synthetisches <\/mark><strong>Stimmzugfett<\/strong><mark style=\"background-color:rgba(0, 0, 0, 0)\" class=\"has-inline-color has-contrast-color\"> sorgt f\u00fcr eine reibungslose Bewegungsf\u00e4higkeit des Stimmzugs.<\/mark> <br><br><br><\/figcaption><\/figure>\n\n\n\n<div style=\"height:71px\" aria-hidden=\"true\" class=\"wp-block-spacer\"><\/div>\n\n\n\n<figure class=\"wp-block-image aligncenter size-full is-resized has-custom-border is-style-rounded is-style-rounded--7\"><a href=\"https:\/\/slide-o-mix.com\/?page_id=18\"><img loading=\"lazy\" decoding=\"async\" width=\"1038\" height=\"1008\" src=\"http:\/\/hassotoene.de\/wp-content\/uploads\/2024\/05\/Bildschirmfoto-2024-05-19-um-21.49.24.png\" alt=\"\" class=\"wp-image-284\" style=\"border-width:1px;border-radius:16px;aspect-ratio:1;object-fit:contain;width:253px\" srcset=\"https:\/\/slide-o-mix.com\/wp-content\/uploads\/2024\/05\/Bildschirmfoto-2024-05-19-um-21.49.24.png 1038w, https:\/\/slide-o-mix.com\/wp-content\/uploads\/2024\/05\/Bildschirmfoto-2024-05-19-um-21.49.24-300x291.png 300w, https:\/\/slide-o-mix.com\/wp-content\/uploads\/2024\/05\/Bildschirmfoto-2024-05-19-um-21.49.24-1024x994.png 1024w, https:\/\/slide-o-mix.com\/wp-content\/uploads\/2024\/05\/Bildschirmfoto-2024-05-19-um-21.49.24-768x746.png 768w\" sizes=\"auto, (max-width: 1038px) 100vw, 1038px\" \/><\/a><figcaption class=\"wp-element-caption\"><mark style=\"background-color:rgba(0, 0, 0, 0)\" class=\"has-inline-color has-contrast-color\"><strong>Die Slide-O-Mix <\/strong><\/mark><em><mark style=\"background-color:rgba(0, 0, 0, 0)\" class=\"has-inline-color has-contrast-color\"><br><\/mark><\/em><strong><em><a href=\"https:\/\/slide-o-mix.com\/?page_id=18\" data-type=\"page\" data-id=\"18\">Multiwischer<\/a><\/em><\/strong><a href=\"http:\/\/hassotoene.de\/?page_id=18\" data-type=\"page\" data-id=\"18\"><br><\/a><br><mark style=\"background-color:rgba(0, 0, 0, 0)\" class=\"has-inline-color has-contrast-color\">Unsere <\/mark><strong>Multiwischer<\/strong><mark style=\"background-color:rgba(0, 0, 0, 0)\" class=\"has-inline-color has-contrast-color\"> f\u00fcr Posaunenz\u00fcge erleichtern die Reinigung und Trocknung des Au\u00dfenzuges, die Nassreinigung aller R\u00f6hren des Instrumentes sowie die S\u00e4uberung der Oberfl\u00e4che des Innenzuges. <\/mark><\/figcaption><\/figure>\n\n\n\n<div style=\"height:71px\" aria-hidden=\"true\" class=\"wp-block-spacer\"><\/div>\n\n\n\n<div style=\"height:var(--wp--preset--spacing--50)\" aria-hidden=\"true\" class=\"wp-block-spacer\"><\/div>\n<\/div>\n<\/div>\n<\/div>\n\n\n\n<main class=\"wp-block-group is-layout-flow wp-container-core-group-is-layout-2 wp-block-group-is-layout-flow\" style=\"margin-top:0\">\n<div style=\"height:1px\" aria-hidden=\"true\" class=\"wp-block-spacer\"><\/div>\n<\/main>\n<\/div>\n","protected":false},"excerpt":{"rendered":"<p>Unsere Produkte<\/p>\n","protected":false},"author":1,"featured_media":0,"parent":0,"menu_order":10,"comment_status":"closed","ping_status":"closed","template":"","meta":{"footnotes":""},"class_list":["post-26","page","type-page","status-publish","hentry"],"_links":{"self":[{"href":"https:\/\/slide-o-mix.com\/index.php?rest_route=\/wp\/v2\/pages\/26","targetHints":{"allow":["GET"]}}],"collection":[{"href":"https:\/\/slide-o-mix.com\/index.php?rest_route=\/wp\/v2\/pages"}],"about":[{"href":"https:\/\/slide-o-mix.com\/index.php?rest_route=\/wp\/v2\/types\/page"}],"author":[{"embeddable":true,"href":"https:\/\/slide-o-mix.com\/index.php?rest_route=\/wp\/v2\/users\/1"}],"replies":[{"embeddable":true,"href":"https:\/\/slide-o-mix.com\/index.php?rest_route=%2Fwp%2Fv2%2Fcomments&post=26"}],"version-history":[{"count":9,"href":"https:\/\/slide-o-mix.com\/index.php?rest_route=\/wp\/v2\/pages\/26\/revisions"}],"predecessor-version":[{"id":676,"href":"https:\/\/slide-o-mix.com\/index.php?rest_route=\/wp\/v2\/pages\/26\/revisions\/676"}],"wp:attachment":[{"href":"https:\/\/slide-o-mix.com\/index.php?rest_route=%2Fwp%2Fv2%2Fmedia&parent=26"}],"curies":[{"name":"wp","href":"https:\/\/api.w.org\/{rel}","templated":true}]}}