{"id":29,"date":"2024-04-16T10:33:11","date_gmt":"2024-04-16T10:33:11","guid":{"rendered":"http:\/\/hassotoene.de\/?page_id=29"},"modified":"2024-07-31T13:36:09","modified_gmt":"2024-07-31T13:36:09","slug":"tipps-zur-instrumentenpflege","status":"publish","type":"page","link":"https:\/\/slide-o-mix.com\/?page_id=29","title":{"rendered":"Tipps zur Instrumentenpflege"},"content":{"rendered":"\n<div style=\"height:31px\" aria-hidden=\"true\" class=\"wp-block-spacer\"><\/div>\n\n\n\n<h2 class=\"wp-block-heading alignwide has-text-align-center\" id=\"AnwendungCS\"><mark style=\"background-color:rgba(0, 0, 0, 0)\" class=\"has-inline-color has-contrast-color\">Tipps zur Instrumentenpflege mit <\/mark><strong>den Slide-O-Mix<\/strong> <strong>Produkten<\/strong><\/h2>\n\n\n\n<div class=\"wp-block-group alignwide has-global-padding is-layout-constrained wp-block-group-is-layout-constrained\">\n<div class=\"wp-block-media-text alignfull is-stacked-on-mobile is-image-fill\" style=\"grid-template-columns:20% auto\"><figure class=\"wp-block-media-text__media\" style=\"background-image:url(https:\/\/slide-o-mix.com\/wp-content\/uploads\/2024\/07\/Bildschirmfoto-2024-05-19-um-21.16.31-1024x996.png);background-position:50% 50%\"><img loading=\"lazy\" decoding=\"async\" width=\"1024\" height=\"996\" src=\"https:\/\/slide-o-mix.com\/wp-content\/uploads\/2024\/07\/Bildschirmfoto-2024-05-19-um-21.16.31-1024x996.png\" alt=\"\" class=\"wp-image-659 size-full\" srcset=\"https:\/\/slide-o-mix.com\/wp-content\/uploads\/2024\/07\/Bildschirmfoto-2024-05-19-um-21.16.31-1024x996.png 1024w, https:\/\/slide-o-mix.com\/wp-content\/uploads\/2024\/07\/Bildschirmfoto-2024-05-19-um-21.16.31-300x292.png 300w, https:\/\/slide-o-mix.com\/wp-content\/uploads\/2024\/07\/Bildschirmfoto-2024-05-19-um-21.16.31-768x747.png 768w, https:\/\/slide-o-mix.com\/wp-content\/uploads\/2024\/07\/Bildschirmfoto-2024-05-19-um-21.16.31.png 1036w\" sizes=\"auto, (max-width: 1024px) 100vw, 1024px\" \/><\/figure><div class=\"wp-block-media-text__content\">\n<h2 class=\"wp-block-heading alignfull has-text-align-center is-style-asterisk has-link-color has-large-font-size wp-elements-bd27cb23f34dd45f9590bd86303eddf9\"><a href=\"#AnwendungSet\" data-type=\"internal\" data-id=\"#AnwendungSet\"><mark style=\"background-color:rgba(0, 0, 0, 0)\" class=\"has-inline-color has-contrast-color\">Die <\/mark><strong><mark style=\"background-color:rgba(0, 0, 0, 0);color:#c60302\" class=\"has-inline-color\">Pr\u00e4parierung<\/mark><\/strong><mark style=\"background-color:rgba(0, 0, 0, 0)\" class=\"has-inline-color has-contrast-color\"> des Posaunenzuges mit dem <\/mark><strong><mark style=\"background-color:rgba(0, 0, 0, 0);color:#c60302\" class=\"has-inline-color\">Slide-O-Mix<\/mark><\/strong> <mark style=\"background-color:rgba(0, 0, 0, 0)\" class=\"has-inline-color has-contrast-color\">Trombone Lubricant<\/mark> <strong><mark style=\"background-color:rgba(0, 0, 0, 0);color:#c60302\" class=\"has-inline-color\">Classic Set<\/mark><\/strong><\/a><\/h2>\n<\/div><\/div>\n\n\n\n<div style=\"height:0px\" aria-hidden=\"true\" class=\"wp-block-spacer\"><\/div>\n\n\n\n<div class=\"wp-block-media-text alignfull is-stacked-on-mobile\" style=\"grid-template-columns:20% auto\"><figure class=\"wp-block-media-text__media\"><img loading=\"lazy\" decoding=\"async\" width=\"1024\" height=\"996\" src=\"https:\/\/slide-o-mix.com\/wp-content\/uploads\/2024\/07\/Bildschirmfoto-2024-05-19-um-21.30.10-1024x996.png\" alt=\"\" class=\"wp-image-660 size-full\" srcset=\"https:\/\/slide-o-mix.com\/wp-content\/uploads\/2024\/07\/Bildschirmfoto-2024-05-19-um-21.30.10-1024x996.png 1024w, https:\/\/slide-o-mix.com\/wp-content\/uploads\/2024\/07\/Bildschirmfoto-2024-05-19-um-21.30.10-300x292.png 300w, https:\/\/slide-o-mix.com\/wp-content\/uploads\/2024\/07\/Bildschirmfoto-2024-05-19-um-21.30.10-768x747.png 768w, https:\/\/slide-o-mix.com\/wp-content\/uploads\/2024\/07\/Bildschirmfoto-2024-05-19-um-21.30.10.png 1036w\" sizes=\"auto, (max-width: 1024px) 100vw, 1024px\" \/><\/figure><div class=\"wp-block-media-text__content\">\n<h2 class=\"wp-block-heading alignfull has-text-align-center is-style-asterisk has-contrast-color has-text-color has-link-color has-large-font-size wp-elements-b55554074c8a99c902a952ae304b97ed\" id=\"Pr\u00e4parierung\"><a href=\"#AnwendungWischer\" data-type=\"internal\" data-id=\"#AnwendungWischer\">Die<mark style=\"background-color:rgba(0, 0, 0, 0)\" class=\"has-inline-color has-contrast-color\"> <\/mark><strong><mark style=\"background-color:rgba(0, 0, 0, 0);color:#c60302\" class=\"has-inline-color\">Trockenreinigung<\/mark><\/strong><mark style=\"background-color:rgba(0, 0, 0, 0)\" class=\"has-inline-color has-contrast-color\"> <\/mark>des Au\u00dfenzuges mit den<mark style=\"background-color:rgba(0, 0, 0, 0)\" class=\"has-inline-color has-contrast-color\"> <\/mark><strong><mark style=\"background-color:rgba(0, 0, 0, 0);color:#c60302\" class=\"has-inline-color\">Frottierwischern <\/mark><\/strong><mark style=\"background-color:rgba(0, 0, 0, 0)\" class=\"has-inline-color has-contrast-color\">(<\/mark><strong><mark style=\"background-color:rgba(0, 0, 0, 0);color:#2802c7\" class=\"has-inline-color\">blau<\/mark><mark style=\"background-color:rgba(0, 0, 0, 0);color:#c60302\" class=\"has-inline-color\"> <\/mark><\/strong><mark style=\"background-color:rgba(0, 0, 0, 0)\" class=\"has-inline-color has-contrast-color\">und<\/mark><strong><mark style=\"background-color:rgba(0, 0, 0, 0);color:#c60302\" class=\"has-inline-color\"> rot<\/mark><\/strong><mark style=\"background-color:rgba(0, 0, 0, 0)\" class=\"has-inline-color has-contrast-color\">)<\/mark><\/a><\/h2>\n<\/div><\/div>\n<\/div>\n\n\n\n<div style=\"height:100px\" aria-hidden=\"true\" class=\"wp-block-spacer\"><\/div>\n\n\n\n<div style=\"height:23px\" aria-hidden=\"true\" class=\"wp-block-spacer\"><\/div>\n\n\n\n<h2 class=\"wp-block-heading alignwide has-text-align-center\" id=\"AnwendungSet\"><mark style=\"background-color:rgba(0, 0, 0, 0)\" class=\"has-inline-color has-contrast-color\">Die Pr\u00e4parierung des Posaunenzuges mit dem <\/mark><strong>Slide-O-Mix<\/strong> <strong><a href=\"http:\/\/hassotoene.de\/?page_id=12\" data-type=\"page\" data-id=\"12\">Classic Set<\/a><\/strong><br><\/h2>\n\n\n\n<div class=\"wp-block-media-text is-stacked-on-mobile\" style=\"grid-template-columns:20% auto\"><figure class=\"wp-block-media-text__media\"><img loading=\"lazy\" decoding=\"async\" width=\"170\" height=\"458\" src=\"http:\/\/hassotoene.de\/wp-content\/uploads\/2024\/06\/dos1.jpg\" alt=\"\" class=\"wp-image-377 size-full\" srcset=\"https:\/\/slide-o-mix.com\/wp-content\/uploads\/2024\/06\/dos1.jpg 170w, https:\/\/slide-o-mix.com\/wp-content\/uploads\/2024\/06\/dos1-111x300.jpg 111w\" sizes=\"auto, (max-width: 170px) 100vw, 170px\" \/><\/figure><div class=\"wp-block-media-text__content\">\n<p><mark style=\"background-color:rgba(0, 0, 0, 0)\" class=\"has-inline-color has-contrast-color\"><strong>1. Vom Inhalt der kleinen Flasche auf die &#8222;Schuhe&#8220; des Innenzuges jeweils einen &#8222;satten&#8220; Tropfen auftragen. Mit dem aufgezogenen Au\u00dfenzug durch Zugebwegungen gr\u00fcndlich verteilen.<\/strong><\/mark><\/p>\n<\/div><\/div>\n\n\n\n<div class=\"wp-block-media-text is-stacked-on-mobile\" style=\"grid-template-columns:20% auto\"><figure class=\"wp-block-media-text__media\"><img loading=\"lazy\" decoding=\"async\" width=\"118\" height=\"435\" src=\"http:\/\/hassotoene.de\/wp-content\/uploads\/2024\/06\/dos2.jpg\" alt=\"\" class=\"wp-image-378 size-full\" srcset=\"https:\/\/slide-o-mix.com\/wp-content\/uploads\/2024\/06\/dos2.jpg 118w, https:\/\/slide-o-mix.com\/wp-content\/uploads\/2024\/06\/dos2-81x300.jpg 81w\" sizes=\"auto, (max-width: 118px) 100vw, 118px\" \/><\/figure><div class=\"wp-block-media-text__content\">\n<p><mark style=\"background-color:rgba(0, 0, 0, 0)\" class=\"has-inline-color has-contrast-color\"><strong>2. Vom Inhalt der gro\u00dfen Flasche Fl\u00fcssigkeit auf die Innenz\u00fcge auftragen, so dass sie von oben nach unten herunterl\u00e4uft (ca 10 cm). Dann wiederum durch Zugbewegungen gr\u00fcndlich verteilen<\/strong><\/mark><\/p>\n<\/div><\/div>\n\n\n\n<div class=\"wp-block-media-text is-stacked-on-mobile\" style=\"grid-template-columns:20% auto\"><figure class=\"wp-block-media-text__media\"><img loading=\"lazy\" decoding=\"async\" width=\"144\" height=\"457\" src=\"http:\/\/hassotoene.de\/wp-content\/uploads\/2024\/06\/dos3.jpg\" alt=\"\" class=\"wp-image-379 size-full\" srcset=\"https:\/\/slide-o-mix.com\/wp-content\/uploads\/2024\/06\/dos3.jpg 144w, https:\/\/slide-o-mix.com\/wp-content\/uploads\/2024\/06\/dos3-95x300.jpg 95w\" sizes=\"auto, (max-width: 144px) 100vw, 144px\" \/><\/figure><div class=\"wp-block-media-text__content\">\n<p><strong><mark style=\"background-color:rgba(0, 0, 0, 0)\" class=\"has-inline-color has-contrast-color\">3. Mit einer Sprayflasche Wasser aufspr\u00fchen und bei Bedarf wiederholen.<\/mark><\/strong><\/p>\n<\/div><\/div>\n\n\n\n<div style=\"height:100px\" aria-hidden=\"true\" class=\"wp-block-spacer\"><\/div>\n\n\n\n<h2 class=\"wp-block-heading alignwide has-text-align-center\" id=\"AnwendungWischer\"><mark style=\"background-color:rgba(0, 0, 0, 0)\" class=\"has-inline-color has-contrast-color\">Anwendung des <\/mark><strong>Slide-O-Mix<\/strong> <strong><a href=\"http:\/\/hassotoene.de\/?page_id=12\" data-type=\"page\" data-id=\"12\">Frottierwischers<\/a><\/strong><br><br><mark style=\"background-color:rgba(0, 0, 0, 0)\" class=\"has-inline-color has-contrast-color\">&#8211; Trockenreinigung des Au\u00dfenzuges-<\/mark><\/h2>\n\n\n\n<div class=\"wp-block-media-text is-stacked-on-mobile\"><figure class=\"wp-block-media-text__media\"><img loading=\"lazy\" decoding=\"async\" width=\"595\" height=\"135\" src=\"http:\/\/hassotoene.de\/wp-content\/uploads\/2024\/06\/43.jpg\" alt=\"\" class=\"wp-image-382 size-full\" srcset=\"https:\/\/slide-o-mix.com\/wp-content\/uploads\/2024\/06\/43.jpg 595w, https:\/\/slide-o-mix.com\/wp-content\/uploads\/2024\/06\/43-300x68.jpg 300w\" sizes=\"auto, (max-width: 595px) 100vw, 595px\" \/><\/figure><div class=\"wp-block-media-text__content\">\n<p><br><strong>Frottierwischer<\/strong><mark style=\"background-color:rgba(0, 0, 0, 0)\" class=\"has-inline-color has-contrast-color\"> \u00fcber einen handels\u00fcblichen <\/mark><strong>Reinigungsstab<\/strong><mark style=\"background-color:rgba(0, 0, 0, 0)\" class=\"has-inline-color has-contrast-color\"> f\u00fcr Posaunenz\u00fcge ziehen. <\/mark><br><br><strong>Rote<\/strong> <mark style=\"background-color:rgba(0, 0, 0, 0)\" class=\"has-inline-color has-contrast-color\">Wischer f\u00fcr enge bis mittlere Bohrungen<\/mark><br><br><mark style=\"background-color:rgba(0, 0, 0, 0);color:#19169d\" class=\"has-inline-color\"><strong>Blaue<\/strong><\/mark> <mark style=\"background-color:rgba(0, 0, 0, 0)\" class=\"has-inline-color has-contrast-color\">Wischer f\u00fcr weite Tenor- bis Ba\u00dfposaunen<\/mark><\/p>\n<\/div><\/div>\n\n\n\n<div class=\"wp-block-media-text is-stacked-on-mobile\"><figure class=\"wp-block-media-text__media\"><img loading=\"lazy\" decoding=\"async\" width=\"417\" height=\"487\" src=\"http:\/\/hassotoene.de\/wp-content\/uploads\/2024\/06\/44.jpg\" alt=\"\" class=\"wp-image-383 size-full\" srcset=\"https:\/\/slide-o-mix.com\/wp-content\/uploads\/2024\/06\/44.jpg 417w, https:\/\/slide-o-mix.com\/wp-content\/uploads\/2024\/06\/44-257x300.jpg 257w\" sizes=\"auto, (max-width: 417px) 100vw, 417px\" \/><\/figure><div class=\"wp-block-media-text__content\">\n<p><strong>WICHTIG<\/strong>: <mark style=\"background-color:rgba(0, 0, 0, 0)\" class=\"has-inline-color has-contrast-color\">Immer die<\/mark> <strong>R\u00f6hre<\/strong> <strong>festhalten<\/strong><mark style=\"background-color:rgba(0, 0, 0, 0)\" class=\"has-inline-color has-contrast-color\">, die gerade gereinigt wird!<\/mark><br><\/p>\n<\/div><\/div>\n\n\n\n<div style=\"height:60px\" aria-hidden=\"true\" class=\"wp-block-spacer\"><\/div>\n\n\n\n<div class=\"wp-block-media-text is-stacked-on-mobile\"><figure class=\"wp-block-media-text__media\"><img loading=\"lazy\" decoding=\"async\" width=\"555\" height=\"410\" src=\"http:\/\/hassotoene.de\/wp-content\/uploads\/2024\/06\/45-1.jpg\" alt=\"\" class=\"wp-image-384 size-full\" srcset=\"https:\/\/slide-o-mix.com\/wp-content\/uploads\/2024\/06\/45-1.jpg 555w, https:\/\/slide-o-mix.com\/wp-content\/uploads\/2024\/06\/45-1-300x222.jpg 300w\" sizes=\"auto, (max-width: 555px) 100vw, 555px\" \/><\/figure><div class=\"wp-block-media-text__content\">\n<p><mark style=\"background-color:rgba(0, 0, 0, 0)\" class=\"has-inline-color has-contrast-color\">Die<\/mark> <strong>R\u00f6hren<\/strong> <strong>gut durchwischen<\/strong><mark style=\"background-color:rgba(0, 0, 0, 0)\" class=\"has-inline-color has-contrast-color\"> und dabei den <\/mark><strong>Wischer oben festhalten<\/strong><mark style=\"background-color:rgba(0, 0, 0, 0)\" class=\"has-inline-color has-contrast-color\">!<\/mark><br><\/p>\n<\/div><\/div>\n\n\n\n<div style=\"height:100px\" aria-hidden=\"true\" class=\"wp-block-spacer\"><\/div>\n","protected":false},"excerpt":{"rendered":"<p>Tipps zur Instrumentenpflege mit den Slide-O-Mix Produkten Die Pr\u00e4parierung des Posaunenzuges mit dem Slide-O-Mix Trombone Lubricant Classic Set Die Trockenreinigung des Au\u00dfenzuges mit den Frottierwischern (blau und rot) Die Pr\u00e4parierung des Posaunenzuges mit dem Slide-O-Mix Classic Set 1. Vom Inhalt der kleinen Flasche auf die &#8222;Schuhe&#8220; des Innenzuges jeweils einen &#8222;satten&#8220; Tropfen auftragen. Mit dem [&hellip;]<\/p>\n","protected":false},"author":1,"featured_media":0,"parent":0,"menu_order":20,"comment_status":"closed","ping_status":"closed","template":"","meta":{"footnotes":""},"class_list":["post-29","page","type-page","status-publish","hentry"],"_links":{"self":[{"href":"https:\/\/slide-o-mix.com\/index.php?rest_route=\/wp\/v2\/pages\/29","targetHints":{"allow":["GET"]}}],"collection":[{"href":"https:\/\/slide-o-mix.com\/index.php?rest_route=\/wp\/v2\/pages"}],"about":[{"href":"https:\/\/slide-o-mix.com\/index.php?rest_route=\/wp\/v2\/types\/page"}],"author":[{"embeddable":true,"href":"https:\/\/slide-o-mix.com\/index.php?rest_route=\/wp\/v2\/users\/1"}],"replies":[{"embeddable":true,"href":"https:\/\/slide-o-mix.com\/index.php?rest_route=%2Fwp%2Fv2%2Fcomments&post=29"}],"version-history":[{"count":37,"href":"https:\/\/slide-o-mix.com\/index.php?rest_route=\/wp\/v2\/pages\/29\/revisions"}],"predecessor-version":[{"id":661,"href":"https:\/\/slide-o-mix.com\/index.php?rest_route=\/wp\/v2\/pages\/29\/revisions\/661"}],"wp:attachment":[{"href":"https:\/\/slide-o-mix.com\/index.php?rest_route=%2Fwp%2Fv2%2Fmedia&parent=29"}],"curies":[{"name":"wp","href":"https:\/\/api.w.org\/{rel}","templated":true}]}}