{"id":31,"date":"2024-04-16T10:33:33","date_gmt":"2024-04-16T10:33:33","guid":{"rendered":"http:\/\/hassotoene.de\/?page_id=31"},"modified":"2024-07-31T13:58:27","modified_gmt":"2024-07-31T13:58:27","slug":"haeufig-gestellte-fragen-faqs","status":"publish","type":"page","link":"https:\/\/slide-o-mix.com\/?page_id=31","title":{"rendered":"FAQ\u00b4s"},"content":{"rendered":"\n<div class=\"wp-block-group alignfull has-base-color has-text-color has-background has-link-color wp-elements-d236f415cf696e04b01d2cb8a9919bac has-global-padding is-layout-constrained wp-container-core-group-is-layout-3 wp-block-group-is-layout-constrained\" style=\"background-color:#c60302;margin-top:0;margin-bottom:0;padding-top:var(--wp--preset--spacing--50);padding-right:var(--wp--preset--spacing--50);padding-bottom:var(--wp--preset--spacing--50);padding-left:var(--wp--preset--spacing--50)\">\n<h2 class=\"wp-block-heading alignwide has-text-align-center has-base-color has-text-color has-link-color wp-elements-8844141f82f19f1192f904c068f74736\" style=\"font-size:clamp(4.509rem, 4.509rem + ((1vw - 0.2rem) * 9.152), 10rem);letter-spacing:-0.02em\">FAQs<\/h2>\n\n\n\n<div class=\"wp-block-group alignwide has-global-padding is-layout-constrained wp-block-group-is-layout-constrained\">\n<div class=\"wp-block-group alignwide is-layout-flow wp-block-group-is-layout-flow\">\n<hr class=\"wp-block-separator has-text-color has-base-color has-alpha-channel-opacity has-base-background-color has-background is-style-wide\"\/>\n\n\n\n<details class=\"wp-block-details is-style-arrow-icon-details has-medium-font-size is-layout-flow wp-block-details-is-layout-flow\" style=\"border-top-style:none;border-top-width:0px;border-right-style:none;border-right-width:0px;border-bottom-color:var(--wp--preset--color--base);border-bottom-style:solid;border-bottom-width:1px;border-left-style:none;border-left-width:0px;margin-top:0\"><summary>Slide -O- Mix h\u00e4lt bei mir nicht lange genug. Woran kann das liegen?<\/summary>\n<p>Es kann sein, da\u00df alte Schmiermittelreste, sogenannte &#8222;Fettnester&#8220;, den Zug blockieren.<br>Durch den wiederholten Gebrauch des Slide-O-Mix Schmiermittels werden diese oft angel\u00f6st und sollten so mit wiederholtem Auswischen des Zuges entfernt werden. (Wischen bis immer weniger Verf\u00e4rbungen auf dem Wischer zu erkennen sind). Sind die &#8222;Fettnester&#8220; aber so festgesetzt, da\u00df sie sich nicht mehr l\u00f6sen, sollte der Zug von einem Fachbetrieb auspoliert werden.<\/p>\n\n\n\n<p>Oft zeigen schlecht laufende Z\u00fcge auch mechanische M\u00e4ngel, seien sie auch f\u00fcr das Auge noch so gering. Auch hier hilft der Fachmann.<\/p>\n\n\n\n<p>Neue Posaunenz\u00fcge m\u00fcssen &#8222;eingespielt&#8220; werden. Dieser Proze\u00df kann teilweise mehrere Wochen andauern und erfordert etwas M\u00fche und Geduld. Bedingt durch den Herstellungsproze\u00df befinden sich auf den inneren Oberfl\u00e4chen des Au\u00dfenzuges oft noch Ablagerungen, die sich beim Einspielen l\u00f6sen und stark bremsend wirken k\u00f6nnen. Diese schwarzen bis gr\u00fcnlichen Abriebe m\u00fcssen dann regelm\u00e4\u00dfig durch S\u00e4ubern des Innenzuges und Auswischen des Au\u00dfenzuges entfernt werden. Der Zug mu\u00df danach neu pr\u00e4pariert werden. Diese Prozedur mu\u00df so lange wiederholt werden, bis die Oberfl\u00e4chen sauber und eingespielt sind. Bremsende Abriebe werden auf diese Weise immer geringer. F\u00fcr das Auswischen des Au\u00dfenzuges ist unser Frottierwischer bestens geeignet.<\/p>\n\n\n\n<p>Im \u00fcbrigen gilt nat\u00fcrlich nach Gebrauchsanweisung zu pr\u00e4parieren, danach etwas Wassernebel aus dem Wassersprayer aufbringen und sp\u00e4ter bei trockenem Zug wiederholen. F\u00fchrt das zu keinem zufriedenstellenden Ergebnis, Slide-O-Mix nachdosieren.<\/p>\n<\/details>\n\n\n\n<details class=\"wp-block-details is-style-arrow-icon-details has-medium-font-size is-layout-flow wp-block-details-is-layout-flow\" style=\"border-top-style:none;border-top-width:0px;border-right-style:none;border-right-width:0px;border-bottom-color:var(--wp--preset--color--base);border-bottom-style:solid;border-bottom-width:1px;border-left-style:none;border-left-width:0px;margin-top:0\"><summary>Bei mir ist immer die eine oder die andere Komponente zuerst leer. Gibt es sie auch einzeln?<\/summary>\n<p class=\"has-contrast-1-color has-text-color has-link-color wp-elements-0af51039a3a96e13a031cd011426d2b9\">Beide Komponenten kann der Fachhandel f\u00fcr Sie auch einzeln besorgen..<\/p>\n<\/details>\n\n\n\n<details class=\"wp-block-details is-style-arrow-icon-details has-medium-font-size is-layout-flow wp-block-details-is-layout-flow\" style=\"border-top-style:none;border-top-width:0px;border-right-style:none;border-right-width:0px;border-bottom-color:var(--wp--preset--color--base);border-bottom-style:solid;border-bottom-width:1px;border-left-style:none;border-left-width:0px;margin-top:0\"><summary>Wozu sind die Wassersprayer?<\/summary>\n<p class=\"has-contrast-1-color has-text-color has-link-color wp-elements-87440c3b292bd167fe441fe4c0447574\">Unser Gleitmittel bietet eine optimale Oberfl\u00e4che, auf der Zug leicht und ohne Stocken oder Kleben gleiten kann. Wasser ist aber (egal bei welchem Gleitmittel) immer vonn\u00f6ten, da der Zug am besten auf dem zus\u00e4tzlich durch Wasser bewirkten Polster l\u00e4uft. Auch kann ein langsam abnutzender Gleitfilm durch Wassernebel nochmals &#8222;aufgefrischt &#8220; werden.<\/p>\n<\/details>\n\n\n\n<details class=\"wp-block-details is-style-arrow-icon-details has-medium-font-size is-layout-flow wp-block-details-is-layout-flow\" style=\"border-top-style:none;border-top-width:0px;border-right-style:none;border-right-width:0px;border-bottom-color:var(--wp--preset--color--base);border-bottom-style:solid;border-bottom-width:1px;border-left-style:none;border-left-width:0px;margin-top:0\"><summary>Muss ich bei erneuter Pr\u00e4parierung den Zug immer vorher auswischen?<\/summary>\n<p class=\"has-contrast-1-color has-text-color has-link-color wp-elements-e65b4c5c0e600145415a1b4a982d315a\">Nein! Zwischen den routinem\u00e4\u00dfigen Reinigungsintervallen gen\u00fcgt es, lediglich die eine oder andere Komponente nachzudosieren. Sie werden die f\u00fcr IHREN Zug geeignetste Kombination schnell herausfinden.<br><strong>DIES GILT ABER NICHT,<\/strong>&nbsp;wenn Ihr Zug noch durch andere R\u00fcckst\u00e4nde blockiert ist. Hier gilt zun\u00e4chst: wischen, wischen, wischen!<\/p>\n<\/details>\n\n\n\n<details class=\"wp-block-details is-style-arrow-icon-details has-medium-font-size is-layout-flow wp-block-details-is-layout-flow\" style=\"border-top-style:none;border-top-width:0px;border-right-style:none;border-right-width:0px;border-bottom-color:var(--wp--preset--color--base);border-bottom-style:solid;border-bottom-width:1px;border-left-style:none;border-left-width:0px;margin-top:0\"><summary>Die Fl\u00fcssigkeit in der gro\u00dfen Flasche (50ml) bzw. beim Rapid Comfort ist manchmal dickfl\u00fcssig und manchmal d\u00fcnnfl\u00fcssig. Woran liegt das?<\/summary>\n<p>Generell ist zur sogenannten Viskosit\u00e4t (D\u00fcnn- oder Dickfl\u00fcssigkeit) zu sagen, dass diese, je nach Lager- Temperatur- und Transportbedingungen, nicht unbetr\u00e4chtlich schwanken kann. Es kann sich auch ein geringer d\u00fcnnfl\u00fcssiger Teil in der Flasche bilden, der sich durch gr\u00fcndliches Sch\u00fctteln wieder untermischt. Am besten fasst man die Flasche dabei mit Daumen und Zeigefinger am Verschluss und sch\u00fcttelt sie kr\u00e4ftig.<\/p>\n\n\n\n<p><strong>Wesentlich ist aber, dass eine schwankende Viskosit\u00e4t keinen Einflu\u00df auf die Wirksamkeit des Produktes hat.<\/strong><\/p>\n<\/details>\n\n\n\n<div style=\"margin-top:var(--wp--preset--spacing--10);margin-bottom:0;height:var(--wp--preset--spacing--10)\" aria-hidden=\"true\" class=\"wp-block-spacer\"><\/div>\n<\/div>\n\n\n\n<p class=\"has-text-align-center\">Haben Sie auch Fragen, Anregungen oder Tips,<br>senden Sie uns eine Email an <a href=\"mailto:mail@slide-o-mix.com\">sendit@slide-o-mix.com<\/a>.<br>Sie erhalten von uns eine Antwort und vielleicht erscheint die Problembehandlung dann demn\u00e4chst auch hier!<\/p>\n<\/div>\n<\/div>\n","protected":false},"excerpt":{"rendered":"<p>FAQs Haben Sie auch Fragen, Anregungen oder Tips,senden Sie uns eine Email an sendit@slide-o-mix.com.Sie erhalten von uns eine Antwort und vielleicht erscheint die Problembehandlung dann demn\u00e4chst auch hier!<\/p>\n","protected":false},"author":1,"featured_media":0,"parent":0,"menu_order":30,"comment_status":"closed","ping_status":"closed","template":"","meta":{"footnotes":""},"class_list":["post-31","page","type-page","status-publish","hentry"],"_links":{"self":[{"href":"https:\/\/slide-o-mix.com\/index.php?rest_route=\/wp\/v2\/pages\/31","targetHints":{"allow":["GET"]}}],"collection":[{"href":"https:\/\/slide-o-mix.com\/index.php?rest_route=\/wp\/v2\/pages"}],"about":[{"href":"https:\/\/slide-o-mix.com\/index.php?rest_route=\/wp\/v2\/types\/page"}],"author":[{"embeddable":true,"href":"https:\/\/slide-o-mix.com\/index.php?rest_route=\/wp\/v2\/users\/1"}],"replies":[{"embeddable":true,"href":"https:\/\/slide-o-mix.com\/index.php?rest_route=%2Fwp%2Fv2%2Fcomments&post=31"}],"version-history":[{"count":18,"href":"https:\/\/slide-o-mix.com\/index.php?rest_route=\/wp\/v2\/pages\/31\/revisions"}],"predecessor-version":[{"id":667,"href":"https:\/\/slide-o-mix.com\/index.php?rest_route=\/wp\/v2\/pages\/31\/revisions\/667"}],"wp:attachment":[{"href":"https:\/\/slide-o-mix.com\/index.php?rest_route=%2Fwp%2Fv2%2Fmedia&parent=31"}],"curies":[{"name":"wp","href":"https:\/\/api.w.org\/{rel}","templated":true}]}}