{"id":33,"date":"2024-04-16T10:33:47","date_gmt":"2024-04-16T10:33:47","guid":{"rendered":"http:\/\/hassotoene.de\/?page_id=33"},"modified":"2024-07-15T09:38:28","modified_gmt":"2024-07-15T09:38:28","slug":"impressum","status":"publish","type":"page","link":"https:\/\/slide-o-mix.com\/?page_id=33","title":{"rendered":"Impressum"},"content":{"rendered":"\n<p class=\"has-text-align-left\"><strong>Slide-O-Mix K\u00f6nigs GmbH<br>Walsroder Weg 16<br>D-40468 D\u00fcsseldor<\/strong>f<br><strong>Germany<\/strong><\/p>\n\n\n\n<p class=\"has-text-align-left\">UST.IdNr.: DE119364914<br>Handelsregister D\u00fcsseldorf: HRB 26845&nbsp;<br>Gesch\u00e4ftsf\u00fchrer: Christian K\u00f6nigs<br><br>E-Mail:&nbsp;<a href=\"mailto:sendit@slide-o-mix.com\">sendit@slide-o-mix.com<\/a><br><br><strong>TELEFON:<\/strong>&nbsp;+49-(0)211-42999115<\/p>\n","protected":false},"excerpt":{"rendered":"<p>Slide-O-Mix K\u00f6nigs GmbHWalsroder Weg 16D-40468 D\u00fcsseldorfGermany UST.IdNr.: DE119364914Handelsregister D\u00fcsseldorf: HRB 26845&nbsp;Gesch\u00e4ftsf\u00fchrer: Christian K\u00f6nigs E-Mail:&nbsp;sendit@slide-o-mix.com TELEFON:&nbsp;+49-(0)211-42999115<\/p>\n","protected":false},"author":1,"featured_media":0,"parent":0,"menu_order":70,"comment_status":"closed","ping_status":"closed","template":"","meta":{"footnotes":""},"class_list":["post-33","page","type-page","status-publish","hentry"],"_links":{"self":[{"href":"https:\/\/slide-o-mix.com\/index.php?rest_route=\/wp\/v2\/pages\/33","targetHints":{"allow":["GET"]}}],"collection":[{"href":"https:\/\/slide-o-mix.com\/index.php?rest_route=\/wp\/v2\/pages"}],"about":[{"href":"https:\/\/slide-o-mix.com\/index.php?rest_route=\/wp\/v2\/types\/page"}],"author":[{"embeddable":true,"href":"https:\/\/slide-o-mix.com\/index.php?rest_route=\/wp\/v2\/users\/1"}],"replies":[{"embeddable":true,"href":"https:\/\/slide-o-mix.com\/index.php?rest_route=%2Fwp%2Fv2%2Fcomments&post=33"}],"version-history":[{"count":3,"href":"https:\/\/slide-o-mix.com\/index.php?rest_route=\/wp\/v2\/pages\/33\/revisions"}],"predecessor-version":[{"id":643,"href":"https:\/\/slide-o-mix.com\/index.php?rest_route=\/wp\/v2\/pages\/33\/revisions\/643"}],"wp:attachment":[{"href":"https:\/\/slide-o-mix.com\/index.php?rest_route=%2Fwp%2Fv2%2Fmedia&parent=33"}],"curies":[{"name":"wp","href":"https:\/\/api.w.org\/{rel}","templated":true}]}}