{"id":396,"date":"2024-06-10T15:32:57","date_gmt":"2024-06-10T15:32:57","guid":{"rendered":"http:\/\/hassotoene.de\/?page_id=396"},"modified":"2025-01-27T14:27:55","modified_gmt":"2025-01-27T14:27:55","slug":"396-2","status":"publish","type":"page","link":"https:\/\/slide-o-mix.com\/?page_id=396","title":{"rendered":"Frottierwischer"},"content":{"rendered":"\n<div style=\"height:63px\" aria-hidden=\"true\" class=\"wp-block-spacer\"><\/div>\n\n\n\n<div class=\"wp-block-media-text alignwide is-stacked-on-mobile\" style=\"grid-template-columns:19% auto\"><figure class=\"wp-block-media-text__media\"><img loading=\"lazy\" decoding=\"async\" width=\"835\" height=\"739\" src=\"http:\/\/hassotoene.de\/wp-content\/uploads\/2024\/05\/Objekt-3.png\" alt=\"\" class=\"wp-image-256 size-full\" srcset=\"https:\/\/slide-o-mix.com\/wp-content\/uploads\/2024\/05\/Objekt-3.png 835w, https:\/\/slide-o-mix.com\/wp-content\/uploads\/2024\/05\/Objekt-3-300x266.png 300w, https:\/\/slide-o-mix.com\/wp-content\/uploads\/2024\/05\/Objekt-3-768x680.png 768w\" sizes=\"auto, (max-width: 835px) 100vw, 835px\" \/><\/figure><div class=\"wp-block-media-text__content\">\n<h2 class=\"wp-block-heading has-text-align-left has-contrast-color has-text-color has-link-color wp-elements-7a24689ccf1993beb0370189e15cd5b5\">Die waschbaren Slide-O-Mix<\/h2>\n\n\n\n<h2 class=\"wp-block-heading has-text-align-left\"><strong>Frottierwischer<\/strong><\/h2>\n\n\n\n<p><mark style=\"background-color:rgba(0, 0, 0, 0)\" class=\"has-inline-color has-contrast-color\">Die waschbaren Frottierwischer erm\u00f6glichen die oft notwendige Reinigung &#8222;zwischendurch&#8220;. Insbesondere die Reinigung des Au\u00dfenzuges kann mit dem waschbaren Wischer jederzeit trocken ausgef\u00fchrt werden. Da die Reinigungsstange v\u00f6llig mit dem Wischer bedeckt ist, ist ein optimaler Schutz vor Besch\u00e4digungen des Au\u00dfenzuges gew\u00e4hrleistet.<br><\/mark><br><strong>Der ROTE<\/strong> <mark style=\"background-color:rgba(0, 0, 0, 0)\" class=\"has-inline-color has-contrast-color\">Wischer ist ideal f\u00fcr <\/mark><strong>enge bis mittlere Bohrung (ca. 13,34 mm)<\/strong><br><\/p>\n<\/div><\/div>\n\n\n\n<div style=\"height:100px\" aria-hidden=\"true\" class=\"wp-block-spacer\"><\/div>\n","protected":false},"excerpt":{"rendered":"<p>Die waschbaren Slide-O-Mix Frottierwischer Die waschbaren Frottierwischer erm\u00f6glichen die oft notwendige Reinigung &#8222;zwischendurch&#8220;. Insbesondere die Reinigung des Au\u00dfenzuges kann mit dem waschbaren Wischer jederzeit trocken ausgef\u00fchrt werden. Da die Reinigungsstange v\u00f6llig mit dem Wischer bedeckt ist, ist ein optimaler Schutz vor Besch\u00e4digungen des Au\u00dfenzuges gew\u00e4hrleistet.Der ROTE Wischer ist ideal f\u00fcr enge bis mittlere Bohrung (ca. [&hellip;]<\/p>\n","protected":false},"author":1,"featured_media":0,"parent":0,"menu_order":0,"comment_status":"closed","ping_status":"closed","template":"","meta":{"footnotes":""},"class_list":["post-396","page","type-page","status-publish","hentry"],"_links":{"self":[{"href":"https:\/\/slide-o-mix.com\/index.php?rest_route=\/wp\/v2\/pages\/396","targetHints":{"allow":["GET"]}}],"collection":[{"href":"https:\/\/slide-o-mix.com\/index.php?rest_route=\/wp\/v2\/pages"}],"about":[{"href":"https:\/\/slide-o-mix.com\/index.php?rest_route=\/wp\/v2\/types\/page"}],"author":[{"embeddable":true,"href":"https:\/\/slide-o-mix.com\/index.php?rest_route=\/wp\/v2\/users\/1"}],"replies":[{"embeddable":true,"href":"https:\/\/slide-o-mix.com\/index.php?rest_route=%2Fwp%2Fv2%2Fcomments&post=396"}],"version-history":[{"count":11,"href":"https:\/\/slide-o-mix.com\/index.php?rest_route=\/wp\/v2\/pages\/396\/revisions"}],"predecessor-version":[{"id":680,"href":"https:\/\/slide-o-mix.com\/index.php?rest_route=\/wp\/v2\/pages\/396\/revisions\/680"}],"wp:attachment":[{"href":"https:\/\/slide-o-mix.com\/index.php?rest_route=%2Fwp%2Fv2%2Fmedia&parent=396"}],"curies":[{"name":"wp","href":"https:\/\/api.w.org\/{rel}","templated":true}]}}